{"id":3,"date":"2020-10-21T10:57:56","date_gmt":"2020-10-21T08:57:56","guid":{"rendered":"https:\/\/elta90mb.com\/web\/?page_id=3"},"modified":"2020-10-21T15:06:47","modified_gmt":"2020-10-21T13:06:47","slug":"privacy-policy","status":"publish","type":"page","link":"https:\/\/elta90mb.com\/web\/privacy-policy\/","title":{"rendered":"Politika privatnosti"},"content":{"rendered":"\n<h2 class=\"wp-block-heading\">Ko smo<\/h2>\n\n\n\n<p>Adresa na\u0161e web stranice je: https:\/\/elta90mb.com\/web.<\/p>\n\n\n\n<p><\/p>\n\n\n\n<h2 class=\"wp-block-heading\">Koje li\u010dne podatke skupljamo i za\u0161to<\/h2>\n\n\n\n<h3 class=\"wp-block-heading\">Komentari<\/h3>\n\n\n\n<p>Kada posjetitelji napi\u0161u komentar na web-stranici mi prikupljamo podatke prikazane u formi komentara, a tako\u0111er i IP adresu posjetioca kao i string korisni\u010dkog agenta preglednika, kako bismo lak\u0161e otkrili spam.<\/p>\n\n\n\n<p>Mogu\u0107e je da je anonimiziran string kreiran iz va\u0161e email adrese (koji se tako\u0111er zove hash) dostavljen Gravatar servisu kako bi provjerili da li ga koristite. Pravila privatnosti Gravatar servisa dostupna su ovdje: https:\/\/automattic.com\/privacy\/. Nakon odobrenja va\u0161eg komentara, va\u0161a profilna slika je javno vidljiva u kontekstu va\u0161eg komentara.<\/p>\n\n\n\n<h3 class=\"wp-block-heading\">Fajlovi<\/h3>\n\n\n\n<p>Ako dodate sliku na web stranicu, trebali bi izbjegavati prenos slika koje imaju ugra\u0111ene podatke o lokaciji (EXIF GPS). Posjetioci web stranice mogu ih preuzeti i izdvojiti bilo koje podatke o lokaciji iz slika sa web stranice.<\/p>\n\n\n\n<p><\/p>\n\n\n\n<h3 class=\"wp-block-heading\">Obrazac za kontakt<\/h3>\n\n\n\n<h3 class=\"wp-block-heading\">Kola\u010di\u0107i<\/h3>\n\n\n\n<p>Ako napi\u0161ete komentar na na\u0161oj web stranici, mo\u017eete odabrati da spremite ime, email adresu i web stranicu u kola\u010di\u0107e. Razlog za ovo je kako bi vam olak\u0161ali ponovno komentarisanje, jer ne\u0107ete morati popunjavati va\u0161e li\u010dne informacije vi\u0161e puta. Ovi kola\u010di\u0107i traju godinu dana.<\/p>\n\n\n\n<p>Ako posjetite na\u0161u stranicu za prijavu, postaviti \u0107emo privremeni kola\u010di\u0107 kako bi utvrdili da li va\u0161 preglednik prihva\u0107a kola\u010di\u0107e. Ovaj kola\u010di\u0107 ne sadr\u017ei osobne podatke i bri\u0161e se kada ugasite preglednik.<\/p>\n\n\n\n<p>Kada se prijavite, tako\u0111er \u0107emo postaviti nekoliko kola\u010di\u0107a kako bi sa\u010duvali va\u0161e podatke o prijavi i va\u0161e postavke prikaza. Kola\u010di\u0107i prijave traju dva dana, a kola\u010di\u0107i postavki prikaza traju godinu dana. Ako odaberete &#8220;Zapamti me&#8221;, va\u0161a prijava \u0107e trajati dvije sedmice. Ako se odjavite s ra\u010duna, kola\u010di\u0107i prijave \u0107e biti uklonjeni.<\/p>\n\n\n\n<p>Ako uredite ili objavite \u010dlanak, dodatni kola\u010di\u0107 biti \u0107e spremljen u va\u0161em pregledniku. Ovaj kola\u010di\u0107 ne sadr\u017ei osobne podatke i samo ukazuje na ID objave \u010dlanka koji ste upravo uredili. Kola\u010di\u0107 isti\u010de nakon 1 dana.<\/p>\n\n\n\n<p><\/p>\n\n\n\n<h3 class=\"wp-block-heading\">Ugra\u0111eni sadr\u017eaj sa drugih web lokacija<\/h3>\n\n\n\n<p>\u010clanci na ovoj web stranici mogu sadr\u017eavati ugra\u0111eni sadr\u017eaj (npr. video, slike, \u010dlanke, itd.). Ugra\u0111eni sadr\u017eaj sa drugih web stranica pona\u0161a se identi\u010dno kao da je posjetitelj posjetio tu drugu web stranicu.<\/p>\n\n\n\n<p>Ove web stranice mo\u017eda prikupljaju podatke o vama, koriste kola\u010di\u0107e, imaju ugra\u0111eno dodatno pra\u0107enje od tre\u0107ih strana, i nadgledaju va\u0161u interakciju s tim ugra\u0111enim sadr\u017eajem, uklju\u010duju\u0107i pra\u0107enje va\u0161e interakcije s ugra\u0111enim sadr\u017eajem ako imate ra\u010dun i prijavljeni ste na web stranici.<\/p>\n\n\n\n<p><\/p>\n\n\n\n<h3 class=\"wp-block-heading\">Analitika<\/h3>\n\n\n\n<h4 class=\"wp-block-heading\">S kim dijelimo va\u0161e podatke<\/h4>\n\n\n\n<h5 class=\"wp-block-heading\">Koliko dugo zadr\u017eavamo va\u0161e podatke<\/h5>\n\n\n\n<p>Ako ostavite komentar, komentar i njegove metapodatke se zadr\u017eavaju na neodre\u0111eno vrijeme. To radimo iz razloga da mo\u017eemo priznati i odobriti bilo kakve slijede\u0107e komentare automatski umjesto da ih zadr\u017eavamo u redu za moderaciju.<\/p>\n\n\n\n<p>Za korisnike koji se registruju na na\u0161oj web stranici (ako ih ima), mi tako\u0111er pohranjujemo li\u010dne podatke koje navedu u njihovim korisni\u010dkim profilima, Svi korisnici mogu vidjeti, urediti, ili obrisati svoje li\u010dne podatke u bilo koje vrijeme (osim \u0161to ne mogu promijeniti svoje korisni\u010dko ime). Administratori web stranice tako\u0111er mogu vidjeti i urediti te informacije.<\/p>\n\n\n\n<h5 class=\"wp-block-heading\">Kakva prava imate u vezi svojih podataka<\/h5>\n\n\n\n<p>Ako imate ra\u010dun na ovoj web stranici, ili ste pisali komentare, mo\u017eete zatra\u017eiti primanje izvoznog fajla li\u010dnih podataka koje imamo o vama, uklju\u010duju\u0107i sve podatke koje ste nam dostavili. Tako\u0111er mo\u017eete zatra\u017eiti brisanje svih li\u010dnih podataka koje imamo o vama. Ovo ne uklju\u010duje bilo koje podatke koje smo obavezni dr\u017eati za administrativne, pravne ili sigurnosne namjene.<\/p>\n\n\n\n<p>&#8230;<\/p>\n","protected":false},"excerpt":{"rendered":"<p>Ko smo Adresa na\u0161e web stranice je: https:\/\/elta90mb.com\/web. Koje li\u010dne podatke skupljamo i za\u0161to Komentari Kada posjetitelji napi\u0161u komentar na web-stranici mi prikupljamo podatke prikazane u formi komentara, a tako\u0111er i IP adresu posjetioca kao i string korisni\u010dkog agenta preglednika, [&hellip;]<\/p>\n","protected":false},"author":1,"featured_media":0,"parent":0,"menu_order":0,"comment_status":"closed","ping_status":"closed","template":"page-templates\/page_fullwidth.php","meta":{"footnotes":""},"class_list":["post-3","page","type-page","status-publish","hentry","clearfix"],"yoast_head":"<!-- This site is optimized with the Yoast SEO plugin v26.8 - https:\/\/yoast.com\/product\/yoast-seo-wordpress\/ -->\n<title>Politika privatnosti - Medical Biotechnology<\/title>\n<meta name=\"robots\" content=\"index, follow, max-snippet:-1, max-image-preview:large, max-video-preview:-1\" \/>\n<link rel=\"canonical\" href=\"https:\/\/elta90mb.com\/web\/privacy-policy\/\" \/>\n<meta property=\"og:locale\" content=\"bs_BA\" \/>\n<meta property=\"og:type\" content=\"article\" \/>\n<meta property=\"og:title\" content=\"Politika privatnosti - Medical Biotechnology\" \/>\n<meta property=\"og:description\" content=\"Ko smo Adresa na\u0161e web stranice je: https:\/\/elta90mb.com\/web. Koje li\u010dne podatke skupljamo i za\u0161to Komentari Kada posjetitelji napi\u0161u komentar na web-stranici mi prikupljamo podatke prikazane u formi komentara, a tako\u0111er i IP adresu posjetioca kao i string korisni\u010dkog agenta preglednika, [&hellip;]\" \/>\n<meta property=\"og:url\" content=\"https:\/\/elta90mb.com\/web\/privacy-policy\/\" \/>\n<meta property=\"og:site_name\" content=\"Medical Biotechnology\" \/>\n<meta property=\"article:modified_time\" content=\"2020-10-21T13:06:47+00:00\" \/>\n<meta name=\"twitter:card\" content=\"summary_large_image\" \/>\n<meta name=\"twitter:label1\" content=\"Est. reading time\" \/>\n\t<meta name=\"twitter:data1\" content=\"3 minute\" \/>\n<script type=\"application\/ld+json\" class=\"yoast-schema-graph\">{\"@context\":\"https:\/\/schema.org\",\"@graph\":[{\"@type\":\"WebPage\",\"@id\":\"https:\/\/elta90mb.com\/web\/privacy-policy\/\",\"url\":\"https:\/\/elta90mb.com\/web\/privacy-policy\/\",\"name\":\"Politika privatnosti - Medical Biotechnology\",\"isPartOf\":{\"@id\":\"https:\/\/elta90mb.com\/web\/#website\"},\"datePublished\":\"2020-10-21T08:57:56+00:00\",\"dateModified\":\"2020-10-21T13:06:47+00:00\",\"breadcrumb\":{\"@id\":\"https:\/\/elta90mb.com\/web\/privacy-policy\/#breadcrumb\"},\"inLanguage\":\"bs-BA\",\"potentialAction\":[{\"@type\":\"ReadAction\",\"target\":[\"https:\/\/elta90mb.com\/web\/privacy-policy\/\"]}]},{\"@type\":\"BreadcrumbList\",\"@id\":\"https:\/\/elta90mb.com\/web\/privacy-policy\/#breadcrumb\",\"itemListElement\":[{\"@type\":\"ListItem\",\"position\":1,\"name\":\"Home\",\"item\":\"https:\/\/elta90mb.com\/web\/\"},{\"@type\":\"ListItem\",\"position\":2,\"name\":\"Politika privatnosti\"}]},{\"@type\":\"WebSite\",\"@id\":\"https:\/\/elta90mb.com\/web\/#website\",\"url\":\"https:\/\/elta90mb.com\/web\/\",\"name\":\"Elta 90 Medical Biotechnology\",\"description\":\"Elta90\",\"publisher\":{\"@id\":\"https:\/\/elta90mb.com\/web\/#organization\"},\"potentialAction\":[{\"@type\":\"SearchAction\",\"target\":{\"@type\":\"EntryPoint\",\"urlTemplate\":\"https:\/\/elta90mb.com\/web\/?s={search_term_string}\"},\"query-input\":{\"@type\":\"PropertyValueSpecification\",\"valueRequired\":true,\"valueName\":\"search_term_string\"}}],\"inLanguage\":\"bs-BA\"},{\"@type\":\"Organization\",\"@id\":\"https:\/\/elta90mb.com\/web\/#organization\",\"name\":\"Elta 90 Medical Biotechnology\",\"url\":\"https:\/\/elta90mb.com\/web\/\",\"logo\":{\"@type\":\"ImageObject\",\"inLanguage\":\"bs-BA\",\"@id\":\"https:\/\/elta90mb.com\/web\/#\/schema\/logo\/image\/\",\"url\":\"https:\/\/elta90mb.com\/web\/wp-content\/uploads\/2020\/10\/cropped-elta-icon.png\",\"contentUrl\":\"https:\/\/elta90mb.com\/web\/wp-content\/uploads\/2020\/10\/cropped-elta-icon.png\",\"width\":512,\"height\":512,\"caption\":\"Elta 90 Medical Biotechnology\"},\"image\":{\"@id\":\"https:\/\/elta90mb.com\/web\/#\/schema\/logo\/image\/\"},\"sameAs\":[\"https:\/\/ba.linkedin.com\/company\/elta-90-medical-biotechnology\"]}]}<\/script>\n<!-- \/ Yoast SEO plugin. -->","yoast_head_json":{"title":"Politika privatnosti - Medical Biotechnology","robots":{"index":"index","follow":"follow","max-snippet":"max-snippet:-1","max-image-preview":"max-image-preview:large","max-video-preview":"max-video-preview:-1"},"canonical":"https:\/\/elta90mb.com\/web\/privacy-policy\/","og_locale":"bs_BA","og_type":"article","og_title":"Politika privatnosti - Medical Biotechnology","og_description":"Ko smo Adresa na\u0161e web stranice je: https:\/\/elta90mb.com\/web. Koje li\u010dne podatke skupljamo i za\u0161to Komentari Kada posjetitelji napi\u0161u komentar na web-stranici mi prikupljamo podatke prikazane u formi komentara, a tako\u0111er i IP adresu posjetioca kao i string korisni\u010dkog agenta preglednika, [&hellip;]","og_url":"https:\/\/elta90mb.com\/web\/privacy-policy\/","og_site_name":"Medical Biotechnology","article_modified_time":"2020-10-21T13:06:47+00:00","twitter_card":"summary_large_image","twitter_misc":{"Est. reading time":"3 minute"},"schema":{"@context":"https:\/\/schema.org","@graph":[{"@type":"WebPage","@id":"https:\/\/elta90mb.com\/web\/privacy-policy\/","url":"https:\/\/elta90mb.com\/web\/privacy-policy\/","name":"Politika privatnosti - Medical Biotechnology","isPartOf":{"@id":"https:\/\/elta90mb.com\/web\/#website"},"datePublished":"2020-10-21T08:57:56+00:00","dateModified":"2020-10-21T13:06:47+00:00","breadcrumb":{"@id":"https:\/\/elta90mb.com\/web\/privacy-policy\/#breadcrumb"},"inLanguage":"bs-BA","potentialAction":[{"@type":"ReadAction","target":["https:\/\/elta90mb.com\/web\/privacy-policy\/"]}]},{"@type":"BreadcrumbList","@id":"https:\/\/elta90mb.com\/web\/privacy-policy\/#breadcrumb","itemListElement":[{"@type":"ListItem","position":1,"name":"Home","item":"https:\/\/elta90mb.com\/web\/"},{"@type":"ListItem","position":2,"name":"Politika privatnosti"}]},{"@type":"WebSite","@id":"https:\/\/elta90mb.com\/web\/#website","url":"https:\/\/elta90mb.com\/web\/","name":"Elta 90 Medical Biotechnology","description":"Elta90","publisher":{"@id":"https:\/\/elta90mb.com\/web\/#organization"},"potentialAction":[{"@type":"SearchAction","target":{"@type":"EntryPoint","urlTemplate":"https:\/\/elta90mb.com\/web\/?s={search_term_string}"},"query-input":{"@type":"PropertyValueSpecification","valueRequired":true,"valueName":"search_term_string"}}],"inLanguage":"bs-BA"},{"@type":"Organization","@id":"https:\/\/elta90mb.com\/web\/#organization","name":"Elta 90 Medical Biotechnology","url":"https:\/\/elta90mb.com\/web\/","logo":{"@type":"ImageObject","inLanguage":"bs-BA","@id":"https:\/\/elta90mb.com\/web\/#\/schema\/logo\/image\/","url":"https:\/\/elta90mb.com\/web\/wp-content\/uploads\/2020\/10\/cropped-elta-icon.png","contentUrl":"https:\/\/elta90mb.com\/web\/wp-content\/uploads\/2020\/10\/cropped-elta-icon.png","width":512,"height":512,"caption":"Elta 90 Medical Biotechnology"},"image":{"@id":"https:\/\/elta90mb.com\/web\/#\/schema\/logo\/image\/"},"sameAs":["https:\/\/ba.linkedin.com\/company\/elta-90-medical-biotechnology"]}]}},"_links":{"self":[{"href":"https:\/\/elta90mb.com\/web\/wp-json\/wp\/v2\/pages\/3","targetHints":{"allow":["GET"]}}],"collection":[{"href":"https:\/\/elta90mb.com\/web\/wp-json\/wp\/v2\/pages"}],"about":[{"href":"https:\/\/elta90mb.com\/web\/wp-json\/wp\/v2\/types\/page"}],"author":[{"embeddable":true,"href":"https:\/\/elta90mb.com\/web\/wp-json\/wp\/v2\/users\/1"}],"replies":[{"embeddable":true,"href":"https:\/\/elta90mb.com\/web\/wp-json\/wp\/v2\/comments?post=3"}],"version-history":[{"count":3,"href":"https:\/\/elta90mb.com\/web\/wp-json\/wp\/v2\/pages\/3\/revisions"}],"predecessor-version":[{"id":444,"href":"https:\/\/elta90mb.com\/web\/wp-json\/wp\/v2\/pages\/3\/revisions\/444"}],"wp:attachment":[{"href":"https:\/\/elta90mb.com\/web\/wp-json\/wp\/v2\/media?parent=3"}],"curies":[{"name":"wp","href":"https:\/\/api.w.org\/{rel}","templated":true}]}}