{"id":351,"date":"2020-10-21T12:45:19","date_gmt":"2020-10-21T10:45:19","guid":{"rendered":"https:\/\/elta90mb.com\/web\/?page_id=351"},"modified":"2024-06-24T15:29:08","modified_gmt":"2024-06-24T13:29:08","slug":"o-nama","status":"publish","type":"page","link":"https:\/\/elta90mb.com\/web\/o-nama\/","title":{"rendered":"O nama"},"content":{"rendered":"\n<p><strong>ELTA 90 Medical Biotechnology <\/strong>je \u010dlan ELTA 90 grupacije, regionalnog lidera u distribuciji medicinskih sredstava, laboratorijske opreme I potro\u0161nog materijala. Vi\u0161e od 20 godina iskustva u regionu, ELTA 90 gradi svoju reputaciju uspje\u0161ne kompanije, kojoj su partneri na prvom mjestu. Veliki broj renomiranih svjetskih kompaniija koje zastupamo svjedo\u010di o na\u0161em poslovanju koje se bazira na stalnoj edukaciji, unaprije\u0111enju kvaliteta i brzine usluge, inovacijama, dru\u0161tvenoj odgovornosti i gra\u0111enju povjerenja i partnerskih odnosa sa na\u0161im klijentima. Profesionalne potrebe i razvoj na\u0161ih klijenata su bile i ostale na\u0161 prioritet.<\/p>\n\n\n<p><strong>Na\u0161a misija<\/strong> je da svojom ponudom proizvoda i usluga stvorimo uslove najboljim istra\u017eiva\u010dima iz oblasti genetike, molekularne biologije, biotehnologije i drugih srodnih prirodnih nauka. Izborom kompanija koje zastupamo, entuzijazmom i stru\u010dno\u0161\u0107u, stabilnim rastom i dobrim poslovanjem doprinosimo sigurnosti korisnika na\u0161ih usluga, a snabdjevanjem proizvodima tra\u017eenog kvaliteta obezbje\u0111ujemo zadovoljstvo na\u0161ih partnera.<\/p>\n<p><strong>Na\u0161a vizija<\/strong>\u00a0je da budemo sinonim za kompaniju najvi\u0161ih standarda koja posluje u korak sa vremenom koje dolazi. Ako niste sigurni koji je sljede\u0107i korak u tehnologiji koju koristite, pitajte nas, mi imamo partnere koji su ve\u0107 na tom putu.<\/p>\n<p><strong>Na\u0161 cilj<\/strong> da u narednim godinama nastavimo sa stabilnim poslovanjem i ostanemo pouzdan partner, sa pozitivnim uticajem na dru\u0161tvo i na\u0161u okolinu, da zaposlenima pru\u017eamo sigurnost i osje\u0107aj da su na najpo\u017eeljnijem radnom mjestu u okru\u017eenju.<\/p>\n<p><strong>Politika kvaliteta<\/strong> na\u0161e kompanije usmjerena je na sticanje povjerenja partnera, \u0161to se posti\u017ee ispunjenjem njihovih zahtjeva, potreba i o\u010dekivanja kroz osnovne principe standarda kvaliteta, za\u0161tite \u017eivotne sredine i za\u0161tite zdravlja i bezbjednosti na radu. Kontinuirano pratimo zahtjeve tr\u017ei\u0161ta i o\u010dekivanja na\u0161ih partnera, kako u pogledu kvaliteta proizvoda i usluga, tako i u pogledu svih aspekata koji se ti\u010du profesionalnih potreba i razvoja na\u0161ih klijenata. Nastojimo da se konstantno unapre\u0111ujemo, prate\u0107i i uvode\u0107i najnovije tehnologije i prate\u0107i regulative.<\/p>\n<p><strong>Kompletno poslovnje<\/strong> je uskla\u0111eno sa zahtjevima ISO standarda i regulativama BiH, kao i mnogih svjetskih i evropskih regulatornih institucija. Cilj nam je da prate\u0107i politiku kvaliteta sa svim partnerima ostvarimo povjerenje i dugoro\u010dnu uspje\u0161nu saradnju, kao \u0161to smo je ostvarili i sa mnogim renomiranim svjetskim proizvo\u0111a\u010dima laboratorijske i medicinske opreme i potro\u0161nog materijala.<\/p>","protected":false},"excerpt":{"rendered":"<p>ELTA 90 Medical Biotechnology je \u010dlan ELTA 90 grupacije, regionalnog lidera u distribuciji medicinskih sredstava, laboratorijske opreme I potro\u0161nog materijala. Vi\u0161e od 20 godina iskustva u regionu, ELTA 90 gradi svoju reputaciju uspje\u0161ne kompanije, kojoj su partneri na prvom mjestu. [&hellip;]<\/p>\n","protected":false},"author":1,"featured_media":0,"parent":0,"menu_order":0,"comment_status":"closed","ping_status":"closed","template":"page-templates\/page_fullwidth.php","meta":{"footnotes":""},"class_list":["post-351","page","type-page","status-publish","hentry","clearfix"],"yoast_head":"<!-- This site is optimized with the Yoast SEO plugin v26.8 - https:\/\/yoast.com\/product\/yoast-seo-wordpress\/ -->\n<title>O nama - Medical Biotechnology<\/title>\n<meta name=\"robots\" content=\"index, follow, max-snippet:-1, max-image-preview:large, max-video-preview:-1\" \/>\n<link rel=\"canonical\" href=\"https:\/\/elta90mb.com\/web\/o-nama\/\" \/>\n<meta property=\"og:locale\" content=\"bs_BA\" \/>\n<meta property=\"og:type\" content=\"article\" \/>\n<meta property=\"og:title\" content=\"O nama - Medical Biotechnology\" \/>\n<meta property=\"og:description\" content=\"ELTA 90 Medical Biotechnology je \u010dlan ELTA 90 grupacije, regionalnog lidera u distribuciji medicinskih sredstava, laboratorijske opreme I potro\u0161nog materijala. Vi\u0161e od 20 godina iskustva u regionu, ELTA 90 gradi svoju reputaciju uspje\u0161ne kompanije, kojoj su partneri na prvom mjestu. [&hellip;]\" \/>\n<meta property=\"og:url\" content=\"https:\/\/elta90mb.com\/web\/o-nama\/\" \/>\n<meta property=\"og:site_name\" content=\"Medical Biotechnology\" \/>\n<meta property=\"article:modified_time\" content=\"2024-06-24T13:29:08+00:00\" \/>\n<meta name=\"twitter:card\" content=\"summary_large_image\" \/>\n<meta name=\"twitter:label1\" content=\"Est. reading time\" \/>\n\t<meta name=\"twitter:data1\" content=\"2 minute\" \/>\n<script type=\"application\/ld+json\" class=\"yoast-schema-graph\">{\"@context\":\"https:\/\/schema.org\",\"@graph\":[{\"@type\":\"WebPage\",\"@id\":\"https:\/\/elta90mb.com\/web\/o-nama\/\",\"url\":\"https:\/\/elta90mb.com\/web\/o-nama\/\",\"name\":\"O nama - Medical Biotechnology\",\"isPartOf\":{\"@id\":\"https:\/\/elta90mb.com\/web\/#website\"},\"datePublished\":\"2020-10-21T10:45:19+00:00\",\"dateModified\":\"2024-06-24T13:29:08+00:00\",\"breadcrumb\":{\"@id\":\"https:\/\/elta90mb.com\/web\/o-nama\/#breadcrumb\"},\"inLanguage\":\"bs-BA\",\"potentialAction\":[{\"@type\":\"ReadAction\",\"target\":[\"https:\/\/elta90mb.com\/web\/o-nama\/\"]}]},{\"@type\":\"BreadcrumbList\",\"@id\":\"https:\/\/elta90mb.com\/web\/o-nama\/#breadcrumb\",\"itemListElement\":[{\"@type\":\"ListItem\",\"position\":1,\"name\":\"Home\",\"item\":\"https:\/\/elta90mb.com\/web\/\"},{\"@type\":\"ListItem\",\"position\":2,\"name\":\"O nama\"}]},{\"@type\":\"WebSite\",\"@id\":\"https:\/\/elta90mb.com\/web\/#website\",\"url\":\"https:\/\/elta90mb.com\/web\/\",\"name\":\"Elta 90 Medical Biotechnology\",\"description\":\"Elta90\",\"publisher\":{\"@id\":\"https:\/\/elta90mb.com\/web\/#organization\"},\"potentialAction\":[{\"@type\":\"SearchAction\",\"target\":{\"@type\":\"EntryPoint\",\"urlTemplate\":\"https:\/\/elta90mb.com\/web\/?s={search_term_string}\"},\"query-input\":{\"@type\":\"PropertyValueSpecification\",\"valueRequired\":true,\"valueName\":\"search_term_string\"}}],\"inLanguage\":\"bs-BA\"},{\"@type\":\"Organization\",\"@id\":\"https:\/\/elta90mb.com\/web\/#organization\",\"name\":\"Elta 90 Medical Biotechnology\",\"url\":\"https:\/\/elta90mb.com\/web\/\",\"logo\":{\"@type\":\"ImageObject\",\"inLanguage\":\"bs-BA\",\"@id\":\"https:\/\/elta90mb.com\/web\/#\/schema\/logo\/image\/\",\"url\":\"https:\/\/elta90mb.com\/web\/wp-content\/uploads\/2020\/10\/cropped-elta-icon.png\",\"contentUrl\":\"https:\/\/elta90mb.com\/web\/wp-content\/uploads\/2020\/10\/cropped-elta-icon.png\",\"width\":512,\"height\":512,\"caption\":\"Elta 90 Medical Biotechnology\"},\"image\":{\"@id\":\"https:\/\/elta90mb.com\/web\/#\/schema\/logo\/image\/\"},\"sameAs\":[\"https:\/\/ba.linkedin.com\/company\/elta-90-medical-biotechnology\"]}]}<\/script>\n<!-- \/ Yoast SEO plugin. -->","yoast_head_json":{"title":"O nama - Medical Biotechnology","robots":{"index":"index","follow":"follow","max-snippet":"max-snippet:-1","max-image-preview":"max-image-preview:large","max-video-preview":"max-video-preview:-1"},"canonical":"https:\/\/elta90mb.com\/web\/o-nama\/","og_locale":"bs_BA","og_type":"article","og_title":"O nama - Medical Biotechnology","og_description":"ELTA 90 Medical Biotechnology je \u010dlan ELTA 90 grupacije, regionalnog lidera u distribuciji medicinskih sredstava, laboratorijske opreme I potro\u0161nog materijala. Vi\u0161e od 20 godina iskustva u regionu, ELTA 90 gradi svoju reputaciju uspje\u0161ne kompanije, kojoj su partneri na prvom mjestu. [&hellip;]","og_url":"https:\/\/elta90mb.com\/web\/o-nama\/","og_site_name":"Medical Biotechnology","article_modified_time":"2024-06-24T13:29:08+00:00","twitter_card":"summary_large_image","twitter_misc":{"Est. reading time":"2 minute"},"schema":{"@context":"https:\/\/schema.org","@graph":[{"@type":"WebPage","@id":"https:\/\/elta90mb.com\/web\/o-nama\/","url":"https:\/\/elta90mb.com\/web\/o-nama\/","name":"O nama - Medical Biotechnology","isPartOf":{"@id":"https:\/\/elta90mb.com\/web\/#website"},"datePublished":"2020-10-21T10:45:19+00:00","dateModified":"2024-06-24T13:29:08+00:00","breadcrumb":{"@id":"https:\/\/elta90mb.com\/web\/o-nama\/#breadcrumb"},"inLanguage":"bs-BA","potentialAction":[{"@type":"ReadAction","target":["https:\/\/elta90mb.com\/web\/o-nama\/"]}]},{"@type":"BreadcrumbList","@id":"https:\/\/elta90mb.com\/web\/o-nama\/#breadcrumb","itemListElement":[{"@type":"ListItem","position":1,"name":"Home","item":"https:\/\/elta90mb.com\/web\/"},{"@type":"ListItem","position":2,"name":"O nama"}]},{"@type":"WebSite","@id":"https:\/\/elta90mb.com\/web\/#website","url":"https:\/\/elta90mb.com\/web\/","name":"Elta 90 Medical Biotechnology","description":"Elta90","publisher":{"@id":"https:\/\/elta90mb.com\/web\/#organization"},"potentialAction":[{"@type":"SearchAction","target":{"@type":"EntryPoint","urlTemplate":"https:\/\/elta90mb.com\/web\/?s={search_term_string}"},"query-input":{"@type":"PropertyValueSpecification","valueRequired":true,"valueName":"search_term_string"}}],"inLanguage":"bs-BA"},{"@type":"Organization","@id":"https:\/\/elta90mb.com\/web\/#organization","name":"Elta 90 Medical Biotechnology","url":"https:\/\/elta90mb.com\/web\/","logo":{"@type":"ImageObject","inLanguage":"bs-BA","@id":"https:\/\/elta90mb.com\/web\/#\/schema\/logo\/image\/","url":"https:\/\/elta90mb.com\/web\/wp-content\/uploads\/2020\/10\/cropped-elta-icon.png","contentUrl":"https:\/\/elta90mb.com\/web\/wp-content\/uploads\/2020\/10\/cropped-elta-icon.png","width":512,"height":512,"caption":"Elta 90 Medical Biotechnology"},"image":{"@id":"https:\/\/elta90mb.com\/web\/#\/schema\/logo\/image\/"},"sameAs":["https:\/\/ba.linkedin.com\/company\/elta-90-medical-biotechnology"]}]}},"_links":{"self":[{"href":"https:\/\/elta90mb.com\/web\/wp-json\/wp\/v2\/pages\/351","targetHints":{"allow":["GET"]}}],"collection":[{"href":"https:\/\/elta90mb.com\/web\/wp-json\/wp\/v2\/pages"}],"about":[{"href":"https:\/\/elta90mb.com\/web\/wp-json\/wp\/v2\/types\/page"}],"author":[{"embeddable":true,"href":"https:\/\/elta90mb.com\/web\/wp-json\/wp\/v2\/users\/1"}],"replies":[{"embeddable":true,"href":"https:\/\/elta90mb.com\/web\/wp-json\/wp\/v2\/comments?post=351"}],"version-history":[{"count":16,"href":"https:\/\/elta90mb.com\/web\/wp-json\/wp\/v2\/pages\/351\/revisions"}],"predecessor-version":[{"id":817,"href":"https:\/\/elta90mb.com\/web\/wp-json\/wp\/v2\/pages\/351\/revisions\/817"}],"wp:attachment":[{"href":"https:\/\/elta90mb.com\/web\/wp-json\/wp\/v2\/media?parent=351"}],"curies":[{"name":"wp","href":"https:\/\/api.w.org\/{rel}","templated":true}]}}