{"id":657,"date":"2024-06-21T11:11:15","date_gmt":"2024-06-21T09:11:15","guid":{"rendered":"https:\/\/elta90mb.com\/web\/?page_id=657"},"modified":"2024-06-21T12:43:00","modified_gmt":"2024-06-21T10:43:00","slug":"eppendorf","status":"publish","type":"page","link":"https:\/\/elta90mb.com\/web\/eppendorf\/","title":{"rendered":""},"content":{"rendered":"\n<figure class=\"wp-block-image size-large\"><a href=\"https:\/\/www.eppendorf.com\/rs-en\/\"><img loading=\"lazy\" decoding=\"async\" width=\"1024\" height=\"172\" src=\"https:\/\/elta90mb.com\/web\/wp-content\/uploads\/2024\/06\/fbf019c55c5a56da92438897d0b203d2-1-1024x172.png\" alt=\"\" class=\"wp-image-675\" srcset=\"https:\/\/elta90mb.com\/web\/wp-content\/uploads\/2024\/06\/fbf019c55c5a56da92438897d0b203d2-1-1024x172.png 1024w, https:\/\/elta90mb.com\/web\/wp-content\/uploads\/2024\/06\/fbf019c55c5a56da92438897d0b203d2-1-300x50.png 300w, https:\/\/elta90mb.com\/web\/wp-content\/uploads\/2024\/06\/fbf019c55c5a56da92438897d0b203d2-1-150x25.png 150w, https:\/\/elta90mb.com\/web\/wp-content\/uploads\/2024\/06\/fbf019c55c5a56da92438897d0b203d2-1-768x129.png 768w, https:\/\/elta90mb.com\/web\/wp-content\/uploads\/2024\/06\/fbf019c55c5a56da92438897d0b203d2-1-700x117.png 700w, https:\/\/elta90mb.com\/web\/wp-content\/uploads\/2024\/06\/fbf019c55c5a56da92438897d0b203d2-1-520x87.png 520w, https:\/\/elta90mb.com\/web\/wp-content\/uploads\/2024\/06\/fbf019c55c5a56da92438897d0b203d2-1-360x60.png 360w, https:\/\/elta90mb.com\/web\/wp-content\/uploads\/2024\/06\/fbf019c55c5a56da92438897d0b203d2-1-250x42.png 250w, https:\/\/elta90mb.com\/web\/wp-content\/uploads\/2024\/06\/fbf019c55c5a56da92438897d0b203d2-1-100x17.png 100w, https:\/\/elta90mb.com\/web\/wp-content\/uploads\/2024\/06\/fbf019c55c5a56da92438897d0b203d2-1.png 1055w\" sizes=\"auto, (max-width: 1024px) 100vw, 1024px\" \/><\/a><\/figure>\n\n\n\n<p style=\"font-size:16px\"><strong>Eppendorf<\/strong> je vode\u0107a kompanija u oblasti nauke o \u017eivotu koja razvija i prodaje instrumente, potro\u0161ni materijal i usluge za rukovanje te\u010dnostima, uzorcima i stanicama u laboratorijama \u0161irom svijeta. <\/p>\n\n\n\n<p style=\"font-size:16px\">Podijeljeni u poslovne jedinice Liquid Handling, Consumables, Separation &amp; Instrumentation i Bioprocess, njihov proizvodni portfolio uklju\u010duje pipete, centrifuge, mje\u0161alice i opremu za ultra-nisku temperaturu. <\/p>\n\n\n\n<p style=\"font-size:16px\">Pored toga, <strong>Eppendorf<\/strong> nudi \u0161irok spektar visokokvalitetnih potro\u0161nih materijala. Proizvodi Eppendorfa koriste se u akademskim i komercijalnim istra\u017eiva\u010dkim laboratorijama, kao i u farmaceutskim, biotehnolo\u0161kim, hemijskim i prehrambenim industrijama. Tako\u0111er se koriste u laboratorijama koje obavljaju klini\u010dke ili ekolo\u0161ke analize, forenzi\u010dkim laboratorijama i industrijskim laboratorijama gdje se vr\u0161i analiza procesa, proizvodnja i osiguranje kvaliteta.<\/p>\n\n\n\n<p style=\"font-size:16px\"><strong>Eppendorf <\/strong>je kompanija iz oblasti nauke o \u017eivotu koja razvija, proizvodi i prodaje sisteme za rukovanje te\u010dnostima, uzorcima i stanicama u laboratorijama \u0161irom svijeta. Njihov \u0161irok spektar proizvoda obuhvata:<\/p>\n\n\n\n<div class=\"wp-block-media-text alignfull has-media-on-the-right is-stacked-on-mobile is-vertically-aligned-top\" style=\"grid-template-columns:auto 29%\"><div class=\"wp-block-media-text__content\">\n<p style=\"font-size:26px\"><strong><strong>Ru\u010dne pipete i automatizirani pipetni sistemi<\/strong><\/strong><\/p>\n\n\n\n<p style=\"font-size:16px\">Obezbje\u0111uju precizno doziranje te\u010dnosti u laboratorijskim istra\u017eivanjima.<\/p>\n<\/div><figure class=\"wp-block-media-text__media\"><a href=\"https:\/\/www.eppendorf.com\/rs-en\/eShop-Products\/Manual-Liquid-Handling-c-WebPMain-H-44563\"><img loading=\"lazy\" decoding=\"async\" width=\"636\" height=\"514\" src=\"https:\/\/elta90mb.com\/web\/wp-content\/uploads\/2024\/06\/pipete.png\" alt=\"\" class=\"wp-image-665 size-full\" srcset=\"https:\/\/elta90mb.com\/web\/wp-content\/uploads\/2024\/06\/pipete.png 636w, https:\/\/elta90mb.com\/web\/wp-content\/uploads\/2024\/06\/pipete-300x242.png 300w, https:\/\/elta90mb.com\/web\/wp-content\/uploads\/2024\/06\/pipete-150x121.png 150w, https:\/\/elta90mb.com\/web\/wp-content\/uploads\/2024\/06\/pipete-520x420.png 520w, https:\/\/elta90mb.com\/web\/wp-content\/uploads\/2024\/06\/pipete-360x291.png 360w, https:\/\/elta90mb.com\/web\/wp-content\/uploads\/2024\/06\/pipete-250x202.png 250w, https:\/\/elta90mb.com\/web\/wp-content\/uploads\/2024\/06\/pipete-100x81.png 100w\" sizes=\"auto, (max-width: 636px) 100vw, 636px\" \/><\/a><\/figure><\/div>\n\n\n\n<div style=\"height:100px\" aria-hidden=\"true\" class=\"wp-block-spacer\"><\/div>\n\n\n\n<div class=\"wp-block-media-text alignfull has-media-on-the-right is-stacked-on-mobile is-vertically-aligned-top\" style=\"grid-template-columns:auto 29%\"><div class=\"wp-block-media-text__content\">\n<p style=\"font-size:26px\"><strong>Potro\u0161ni materijal<\/strong><\/p>\n\n\n\n<p style=\"font-size:16px\">Uklju\u010duje nastavke za pipete, PCR plo\u010de, epruvete i druge visokokvalitetne potro\u0161ne materijale.<\/p>\n<\/div><figure class=\"wp-block-media-text__media\"><a href=\"https:\/\/www.eppendorf.com\/rs-en\/eShop-Products\/Laboratory-Consumables-c-WebPMain-H-44512\"><img loading=\"lazy\" decoding=\"async\" width=\"636\" height=\"514\" src=\"https:\/\/elta90mb.com\/web\/wp-content\/uploads\/2024\/06\/potrosni.png\" alt=\"\" class=\"wp-image-666 size-full\" srcset=\"https:\/\/elta90mb.com\/web\/wp-content\/uploads\/2024\/06\/potrosni.png 636w, https:\/\/elta90mb.com\/web\/wp-content\/uploads\/2024\/06\/potrosni-300x242.png 300w, https:\/\/elta90mb.com\/web\/wp-content\/uploads\/2024\/06\/potrosni-150x121.png 150w, https:\/\/elta90mb.com\/web\/wp-content\/uploads\/2024\/06\/potrosni-520x420.png 520w, https:\/\/elta90mb.com\/web\/wp-content\/uploads\/2024\/06\/potrosni-360x291.png 360w, https:\/\/elta90mb.com\/web\/wp-content\/uploads\/2024\/06\/potrosni-250x202.png 250w, https:\/\/elta90mb.com\/web\/wp-content\/uploads\/2024\/06\/potrosni-100x81.png 100w\" sizes=\"auto, (max-width: 636px) 100vw, 636px\" \/><\/a><\/figure><\/div>\n\n\n\n<div style=\"height:100px\" aria-hidden=\"true\" class=\"wp-block-spacer\"><\/div>\n\n\n\n<div class=\"wp-block-media-text alignfull has-media-on-the-right is-stacked-on-mobile is-vertically-aligned-top\" style=\"grid-template-columns:auto 29%\"><div class=\"wp-block-media-text__content\">\n<p style=\"font-size:26px\"><strong>Centrifuge<\/strong><\/p>\n\n\n\n<p style=\"font-size:16px\">Za brzo odvajanje uzoraka na osnovu gusto\u0107e.<\/p>\n\n\n\n<p><\/p>\n<\/div><figure class=\"wp-block-media-text__media\"><a href=\"https:\/\/www.eppendorf.com\/rs-en\/eShop-Products\/Centrifugation-c-WebPMain-H-44533\"><img loading=\"lazy\" decoding=\"async\" width=\"593\" height=\"748\" src=\"https:\/\/elta90mb.com\/web\/wp-content\/uploads\/2024\/06\/centrifuga.png\" alt=\"\" class=\"wp-image-661 size-full\" srcset=\"https:\/\/elta90mb.com\/web\/wp-content\/uploads\/2024\/06\/centrifuga.png 593w, https:\/\/elta90mb.com\/web\/wp-content\/uploads\/2024\/06\/centrifuga-238x300.png 238w, https:\/\/elta90mb.com\/web\/wp-content\/uploads\/2024\/06\/centrifuga-119x150.png 119w, https:\/\/elta90mb.com\/web\/wp-content\/uploads\/2024\/06\/centrifuga-520x656.png 520w, https:\/\/elta90mb.com\/web\/wp-content\/uploads\/2024\/06\/centrifuga-360x454.png 360w, https:\/\/elta90mb.com\/web\/wp-content\/uploads\/2024\/06\/centrifuga-250x315.png 250w, https:\/\/elta90mb.com\/web\/wp-content\/uploads\/2024\/06\/centrifuga-100x126.png 100w\" sizes=\"auto, (max-width: 593px) 100vw, 593px\" \/><\/a><\/figure><\/div>\n\n\n\n<div class=\"wp-block-media-text alignfull has-media-on-the-right is-stacked-on-mobile is-vertically-aligned-top\" style=\"grid-template-columns:auto 29%\"><div class=\"wp-block-media-text__content\">\n<p style=\"font-size:26px\"><strong>Mije\u0161alice<\/strong><\/p>\n\n\n\n<p style=\"font-size:16px\">Za homogenizaciju i mije\u0161anje uzoraka.<\/p>\n\n\n\n<p style=\"font-size:17px\"><\/p>\n\n\n\n<p style=\"font-size:17px\"><\/p>\n<\/div><figure class=\"wp-block-media-text__media\"><a href=\"https:\/\/www.eppendorf.com\/rs-en\/eShop-Products\/Temperature-Control-and-Mixing-c-WebPMain-H-44518\"><img loading=\"lazy\" decoding=\"async\" width=\"528\" height=\"447\" src=\"https:\/\/elta90mb.com\/web\/wp-content\/uploads\/2024\/06\/mixer.png\" alt=\"\" class=\"wp-image-663 size-full\" srcset=\"https:\/\/elta90mb.com\/web\/wp-content\/uploads\/2024\/06\/mixer.png 528w, https:\/\/elta90mb.com\/web\/wp-content\/uploads\/2024\/06\/mixer-300x254.png 300w, https:\/\/elta90mb.com\/web\/wp-content\/uploads\/2024\/06\/mixer-150x127.png 150w, https:\/\/elta90mb.com\/web\/wp-content\/uploads\/2024\/06\/mixer-520x440.png 520w, https:\/\/elta90mb.com\/web\/wp-content\/uploads\/2024\/06\/mixer-360x305.png 360w, https:\/\/elta90mb.com\/web\/wp-content\/uploads\/2024\/06\/mixer-250x212.png 250w, https:\/\/elta90mb.com\/web\/wp-content\/uploads\/2024\/06\/mixer-100x85.png 100w\" sizes=\"auto, (max-width: 528px) 100vw, 528px\" \/><\/a><\/figure><\/div>\n\n\n\n<div class=\"wp-block-media-text alignfull has-media-on-the-right is-stacked-on-mobile is-vertically-aligned-top\" style=\"grid-template-columns:auto 28%\"><div class=\"wp-block-media-text__content\">\n<p style=\"font-size:26px\"><strong>Ultra-low zamrziva\u010di<\/strong><\/p>\n\n\n\n<p style=\"font-size:16px\">Oprema za \u010duvanje uzoraka na ekstremno niskim temperaturama.<\/p>\n<\/div><figure class=\"wp-block-media-text__media\"><a href=\"https:\/\/www.eppendorf.com\/rs-en\/eShop-Products\/Cold-Storage-c-WebPMain-H-44537\"><img loading=\"lazy\" decoding=\"async\" width=\"528\" height=\"688\" src=\"https:\/\/elta90mb.com\/web\/wp-content\/uploads\/2024\/06\/ultralow.png\" alt=\"\" class=\"wp-image-667 size-full\" srcset=\"https:\/\/elta90mb.com\/web\/wp-content\/uploads\/2024\/06\/ultralow.png 528w, https:\/\/elta90mb.com\/web\/wp-content\/uploads\/2024\/06\/ultralow-230x300.png 230w, https:\/\/elta90mb.com\/web\/wp-content\/uploads\/2024\/06\/ultralow-115x150.png 115w, https:\/\/elta90mb.com\/web\/wp-content\/uploads\/2024\/06\/ultralow-520x678.png 520w, https:\/\/elta90mb.com\/web\/wp-content\/uploads\/2024\/06\/ultralow-360x469.png 360w, https:\/\/elta90mb.com\/web\/wp-content\/uploads\/2024\/06\/ultralow-250x326.png 250w, https:\/\/elta90mb.com\/web\/wp-content\/uploads\/2024\/06\/ultralow-100x130.png 100w\" sizes=\"auto, (max-width: 528px) 100vw, 528px\" \/><\/a><\/figure><\/div>\n\n\n\n<div class=\"wp-block-media-text alignfull has-media-on-the-right is-stacked-on-mobile is-vertically-aligned-top\" style=\"grid-template-columns:auto 28%\"><div class=\"wp-block-media-text__content\">\n<p style=\"font-size:26px\"><strong>PCR oprema<\/strong><\/p>\n\n\n\n<p style=\"font-size:16px\">Za amplifikaciju DNK.<\/p>\n\n\n\n<p style=\"font-size:17px\"><\/p>\n\n\n\n<p style=\"font-size:17px\"><\/p>\n<\/div><figure class=\"wp-block-media-text__media\"><a href=\"https:\/\/www.eppendorf.com\/rs-en\/eShop-Products\/PCR-c-WebPMain-H-44553\"><img loading=\"lazy\" decoding=\"async\" width=\"526\" height=\"503\" src=\"https:\/\/elta90mb.com\/web\/wp-content\/uploads\/2024\/06\/pcr.png\" alt=\"\" class=\"wp-image-664 size-full\" srcset=\"https:\/\/elta90mb.com\/web\/wp-content\/uploads\/2024\/06\/pcr.png 526w, https:\/\/elta90mb.com\/web\/wp-content\/uploads\/2024\/06\/pcr-300x287.png 300w, https:\/\/elta90mb.com\/web\/wp-content\/uploads\/2024\/06\/pcr-150x143.png 150w, https:\/\/elta90mb.com\/web\/wp-content\/uploads\/2024\/06\/pcr-520x497.png 520w, https:\/\/elta90mb.com\/web\/wp-content\/uploads\/2024\/06\/pcr-360x344.png 360w, https:\/\/elta90mb.com\/web\/wp-content\/uploads\/2024\/06\/pcr-250x239.png 250w, https:\/\/elta90mb.com\/web\/wp-content\/uploads\/2024\/06\/pcr-100x96.png 100w\" sizes=\"auto, (max-width: 526px) 100vw, 526px\" \/><\/a><\/figure><\/div>\n\n\n\n<div class=\"wp-block-media-text alignfull has-media-on-the-right is-stacked-on-mobile is-vertically-aligned-top\" style=\"grid-template-columns:auto 28%\"><div class=\"wp-block-media-text__content\">\n<p style=\"font-size:26px\"><strong>Automatizacija<\/strong><\/p>\n\n\n\n<p style=\"font-size:16px\">Sistemi kao \u0161to je epMotion olak\u0161avaju rukovanje te\u010dnostima.<\/p>\n<\/div><figure class=\"wp-block-media-text__media\"><a href=\"https:\/\/www.eppendorf.com\/rs-en\/eShop-Products\/Automated-Pipetting-c-WebPMain-H-44509\"><img loading=\"lazy\" decoding=\"async\" width=\"1024\" height=\"708\" src=\"https:\/\/elta90mb.com\/web\/wp-content\/uploads\/2024\/06\/automatizacija-1024x708.png\" alt=\"\" class=\"wp-image-659 size-full\" srcset=\"https:\/\/elta90mb.com\/web\/wp-content\/uploads\/2024\/06\/automatizacija-1024x708.png 1024w, https:\/\/elta90mb.com\/web\/wp-content\/uploads\/2024\/06\/automatizacija-300x207.png 300w, https:\/\/elta90mb.com\/web\/wp-content\/uploads\/2024\/06\/automatizacija-150x104.png 150w, https:\/\/elta90mb.com\/web\/wp-content\/uploads\/2024\/06\/automatizacija-768x531.png 768w, https:\/\/elta90mb.com\/web\/wp-content\/uploads\/2024\/06\/automatizacija-700x484.png 700w, https:\/\/elta90mb.com\/web\/wp-content\/uploads\/2024\/06\/automatizacija-520x359.png 520w, https:\/\/elta90mb.com\/web\/wp-content\/uploads\/2024\/06\/automatizacija-360x249.png 360w, https:\/\/elta90mb.com\/web\/wp-content\/uploads\/2024\/06\/automatizacija-250x173.png 250w, https:\/\/elta90mb.com\/web\/wp-content\/uploads\/2024\/06\/automatizacija-100x69.png 100w, https:\/\/elta90mb.com\/web\/wp-content\/uploads\/2024\/06\/automatizacija.png 1333w\" sizes=\"auto, (max-width: 1024px) 100vw, 1024px\" \/><\/a><\/figure><\/div>\n\n\n\n<div class=\"wp-block-media-text alignfull has-media-on-the-right is-stacked-on-mobile is-vertically-aligned-top\" style=\"grid-template-columns:auto 28%\"><div class=\"wp-block-media-text__content\">\n<p style=\"font-size:26px\"><strong>Bioprocesi<\/strong><\/p>\n\n\n\n<p style=\"font-size:16px\">Fermentori, bioreaktori i druga oprema za kultivaciju stanica.<\/p>\n<\/div><figure class=\"wp-block-media-text__media\"><a href=\"https:\/\/www.eppendorf.com\/rs-en\/eShop-Products\/Bioprocess-c-WebPMain-H-44559\"><img loading=\"lazy\" decoding=\"async\" width=\"843\" height=\"693\" src=\"https:\/\/elta90mb.com\/web\/wp-content\/uploads\/2024\/06\/bioprocess.png\" alt=\"\" class=\"wp-image-660 size-full\" srcset=\"https:\/\/elta90mb.com\/web\/wp-content\/uploads\/2024\/06\/bioprocess.png 843w, https:\/\/elta90mb.com\/web\/wp-content\/uploads\/2024\/06\/bioprocess-300x247.png 300w, https:\/\/elta90mb.com\/web\/wp-content\/uploads\/2024\/06\/bioprocess-150x123.png 150w, https:\/\/elta90mb.com\/web\/wp-content\/uploads\/2024\/06\/bioprocess-768x631.png 768w, https:\/\/elta90mb.com\/web\/wp-content\/uploads\/2024\/06\/bioprocess-700x575.png 700w, https:\/\/elta90mb.com\/web\/wp-content\/uploads\/2024\/06\/bioprocess-520x427.png 520w, https:\/\/elta90mb.com\/web\/wp-content\/uploads\/2024\/06\/bioprocess-360x296.png 360w, https:\/\/elta90mb.com\/web\/wp-content\/uploads\/2024\/06\/bioprocess-250x206.png 250w, https:\/\/elta90mb.com\/web\/wp-content\/uploads\/2024\/06\/bioprocess-100x82.png 100w\" sizes=\"auto, (max-width: 843px) 100vw, 843px\" \/><\/a><\/figure><\/div>\n\n\n<h2 style=\"text-align: center;\">ELTA 90 Medical Biotechnology nudi \u0161irok spektar laboratorijske opreme.<\/h2>\n<p style=\"text-align: center;\">Bilo da radite u medicinskoj, nau\u010dno-istra\u017eiva\u010dkoj, razvojnoj ili kontrolnoj laboratoriji u industriji, potrebna vam je ista ili sli\u010dna oprema za pripremu, obradu i \u010duvanje razli\u010ditih vrsta uzoraka. Na\u0161 tim je uvijek spreman da Vam pomogne u samoj ideji opremanja laboratorije, da predlo\u017ei opremu prilago\u0111enu vrsti laboratorijskih ispitivanja, bez dodatnih opcija koje optere\u0107uju va\u0161 bud\u017eet. Isto tako, za razvojne i nau\u010dne laboratorije nudimo opremu koja mo\u017ee da raste sa va\u0161im potrebama i u korak prati va\u0161a dostignu\u0107a.<\/p>\n\n\n<div style=\"height:50px\" aria-hidden=\"true\" class=\"wp-block-spacer\"><\/div>\n\n\n\n<div class=\"wp-block-cover alignfull has-parallax\" style=\"min-height:460px;aspect-ratio:unset;\"><span aria-hidden=\"true\" class=\"wp-block-cover__background has-background-dim-70 has-background-dim wp-block-cover__gradient-background has-background-gradient\" style=\"background:linear-gradient(135deg,rgb(38,38,40) 0%,rgb(121,123,127) 100%)\"><\/span><div role=\"img\" class=\"wp-block-cover__image-background wp-image-553 has-parallax\" style=\"background-position:50% 50%;background-image:url(https:\/\/elta90mb.com\/web\/wp-content\/uploads\/2020\/10\/general-quip.jpg)\"><\/div><div class=\"wp-block-cover__inner-container is-layout-flow wp-block-cover-is-layout-flow\">\n<p class=\"has-text-align-center has-medium-font-size\">Od najsitnije opreme do onih bez kojih jedna laboratorija ne mo\u017ee funkcionisati.<\/p>\n\n\n\n<div class=\"wp-block-buttons is-content-justification-center is-layout-flex wp-container-core-buttons-is-layout-1 wp-block-buttons-is-layout-flex\">\n<div class=\"wp-block-button is-style-outline is-style-outline--1\"><a class=\"wp-block-button__link has-white-color has-text-color wp-element-button\" href=\"https:\/\/elta90mb.com\/web\/kontakt\/\" style=\"border-radius:50px\">Kontaktirajte nas<\/a><\/div>\n<\/div>\n<\/div><\/div>\n","protected":false},"excerpt":{"rendered":"<p>Eppendorf je vode\u0107a kompanija u oblasti nauke o \u017eivotu koja razvija i prodaje instrumente, potro\u0161ni materijal i usluge za rukovanje te\u010dnostima, uzorcima i stanicama u laboratorijama \u0161irom svijeta. Podijeljeni u poslovne jedinice Liquid Handling, Consumables, Separation &amp; Instrumentation i Bioprocess, [&hellip;]<\/p>\n","protected":false},"author":2,"featured_media":0,"parent":0,"menu_order":0,"comment_status":"closed","ping_status":"closed","template":"page-templates\/page_fullwidth.php","meta":{"footnotes":""},"class_list":["post-657","page","type-page","status-publish","hentry","clearfix"],"yoast_head":"<!-- This site is optimized with the Yoast SEO plugin v26.8 - https:\/\/yoast.com\/product\/yoast-seo-wordpress\/ -->\n<title>- Medical Biotechnology<\/title>\n<meta name=\"robots\" content=\"index, follow, max-snippet:-1, max-image-preview:large, max-video-preview:-1\" \/>\n<link rel=\"canonical\" href=\"https:\/\/elta90mb.com\/web\/eppendorf\/\" \/>\n<meta property=\"og:locale\" content=\"bs_BA\" \/>\n<meta property=\"og:type\" content=\"article\" \/>\n<meta property=\"og:title\" content=\"- Medical Biotechnology\" \/>\n<meta property=\"og:description\" content=\"Eppendorf je vode\u0107a kompanija u oblasti nauke o \u017eivotu koja razvija i prodaje instrumente, potro\u0161ni materijal i usluge za rukovanje te\u010dnostima, uzorcima i stanicama u laboratorijama \u0161irom svijeta. Podijeljeni u poslovne jedinice Liquid Handling, Consumables, Separation &amp; Instrumentation i Bioprocess, [&hellip;]\" \/>\n<meta property=\"og:url\" content=\"https:\/\/elta90mb.com\/web\/eppendorf\/\" \/>\n<meta property=\"og:site_name\" content=\"Medical Biotechnology\" \/>\n<meta property=\"article:modified_time\" content=\"2024-06-21T10:43:00+00:00\" \/>\n<meta property=\"og:image\" content=\"https:\/\/elta90mb.com\/web\/wp-content\/uploads\/2024\/06\/fbf019c55c5a56da92438897d0b203d2-1-1024x172.png\" \/>\n<meta name=\"twitter:card\" content=\"summary_large_image\" \/>\n<meta name=\"twitter:label1\" content=\"Est. reading time\" \/>\n\t<meta name=\"twitter:data1\" content=\"2 minute\" \/>\n<script type=\"application\/ld+json\" class=\"yoast-schema-graph\">{\"@context\":\"https:\/\/schema.org\",\"@graph\":[{\"@type\":\"WebPage\",\"@id\":\"https:\/\/elta90mb.com\/web\/eppendorf\/\",\"url\":\"https:\/\/elta90mb.com\/web\/eppendorf\/\",\"name\":\"- Medical Biotechnology\",\"isPartOf\":{\"@id\":\"https:\/\/elta90mb.com\/web\/#website\"},\"primaryImageOfPage\":{\"@id\":\"https:\/\/elta90mb.com\/web\/eppendorf\/#primaryimage\"},\"image\":{\"@id\":\"https:\/\/elta90mb.com\/web\/eppendorf\/#primaryimage\"},\"thumbnailUrl\":\"https:\/\/elta90mb.com\/web\/wp-content\/uploads\/2024\/06\/fbf019c55c5a56da92438897d0b203d2-1-1024x172.png\",\"datePublished\":\"2024-06-21T09:11:15+00:00\",\"dateModified\":\"2024-06-21T10:43:00+00:00\",\"inLanguage\":\"bs-BA\",\"potentialAction\":[{\"@type\":\"ReadAction\",\"target\":[\"https:\/\/elta90mb.com\/web\/eppendorf\/\"]}]},{\"@type\":\"ImageObject\",\"inLanguage\":\"bs-BA\",\"@id\":\"https:\/\/elta90mb.com\/web\/eppendorf\/#primaryimage\",\"url\":\"https:\/\/elta90mb.com\/web\/wp-content\/uploads\/2024\/06\/fbf019c55c5a56da92438897d0b203d2-1.png\",\"contentUrl\":\"https:\/\/elta90mb.com\/web\/wp-content\/uploads\/2024\/06\/fbf019c55c5a56da92438897d0b203d2-1.png\",\"width\":1055,\"height\":177},{\"@type\":\"WebSite\",\"@id\":\"https:\/\/elta90mb.com\/web\/#website\",\"url\":\"https:\/\/elta90mb.com\/web\/\",\"name\":\"Elta 90 Medical Biotechnology\",\"description\":\"Elta90\",\"publisher\":{\"@id\":\"https:\/\/elta90mb.com\/web\/#organization\"},\"potentialAction\":[{\"@type\":\"SearchAction\",\"target\":{\"@type\":\"EntryPoint\",\"urlTemplate\":\"https:\/\/elta90mb.com\/web\/?s={search_term_string}\"},\"query-input\":{\"@type\":\"PropertyValueSpecification\",\"valueRequired\":true,\"valueName\":\"search_term_string\"}}],\"inLanguage\":\"bs-BA\"},{\"@type\":\"Organization\",\"@id\":\"https:\/\/elta90mb.com\/web\/#organization\",\"name\":\"Elta 90 Medical Biotechnology\",\"url\":\"https:\/\/elta90mb.com\/web\/\",\"logo\":{\"@type\":\"ImageObject\",\"inLanguage\":\"bs-BA\",\"@id\":\"https:\/\/elta90mb.com\/web\/#\/schema\/logo\/image\/\",\"url\":\"https:\/\/elta90mb.com\/web\/wp-content\/uploads\/2020\/10\/cropped-elta-icon.png\",\"contentUrl\":\"https:\/\/elta90mb.com\/web\/wp-content\/uploads\/2020\/10\/cropped-elta-icon.png\",\"width\":512,\"height\":512,\"caption\":\"Elta 90 Medical Biotechnology\"},\"image\":{\"@id\":\"https:\/\/elta90mb.com\/web\/#\/schema\/logo\/image\/\"},\"sameAs\":[\"https:\/\/ba.linkedin.com\/company\/elta-90-medical-biotechnology\"]}]}<\/script>\n<!-- \/ Yoast SEO plugin. -->","yoast_head_json":{"title":"- Medical Biotechnology","robots":{"index":"index","follow":"follow","max-snippet":"max-snippet:-1","max-image-preview":"max-image-preview:large","max-video-preview":"max-video-preview:-1"},"canonical":"https:\/\/elta90mb.com\/web\/eppendorf\/","og_locale":"bs_BA","og_type":"article","og_title":"- Medical Biotechnology","og_description":"Eppendorf je vode\u0107a kompanija u oblasti nauke o \u017eivotu koja razvija i prodaje instrumente, potro\u0161ni materijal i usluge za rukovanje te\u010dnostima, uzorcima i stanicama u laboratorijama \u0161irom svijeta. Podijeljeni u poslovne jedinice Liquid Handling, Consumables, Separation &amp; Instrumentation i Bioprocess, [&hellip;]","og_url":"https:\/\/elta90mb.com\/web\/eppendorf\/","og_site_name":"Medical Biotechnology","article_modified_time":"2024-06-21T10:43:00+00:00","og_image":[{"url":"https:\/\/elta90mb.com\/web\/wp-content\/uploads\/2024\/06\/fbf019c55c5a56da92438897d0b203d2-1-1024x172.png","type":"","width":"","height":""}],"twitter_card":"summary_large_image","twitter_misc":{"Est. reading time":"2 minute"},"schema":{"@context":"https:\/\/schema.org","@graph":[{"@type":"WebPage","@id":"https:\/\/elta90mb.com\/web\/eppendorf\/","url":"https:\/\/elta90mb.com\/web\/eppendorf\/","name":"- Medical Biotechnology","isPartOf":{"@id":"https:\/\/elta90mb.com\/web\/#website"},"primaryImageOfPage":{"@id":"https:\/\/elta90mb.com\/web\/eppendorf\/#primaryimage"},"image":{"@id":"https:\/\/elta90mb.com\/web\/eppendorf\/#primaryimage"},"thumbnailUrl":"https:\/\/elta90mb.com\/web\/wp-content\/uploads\/2024\/06\/fbf019c55c5a56da92438897d0b203d2-1-1024x172.png","datePublished":"2024-06-21T09:11:15+00:00","dateModified":"2024-06-21T10:43:00+00:00","inLanguage":"bs-BA","potentialAction":[{"@type":"ReadAction","target":["https:\/\/elta90mb.com\/web\/eppendorf\/"]}]},{"@type":"ImageObject","inLanguage":"bs-BA","@id":"https:\/\/elta90mb.com\/web\/eppendorf\/#primaryimage","url":"https:\/\/elta90mb.com\/web\/wp-content\/uploads\/2024\/06\/fbf019c55c5a56da92438897d0b203d2-1.png","contentUrl":"https:\/\/elta90mb.com\/web\/wp-content\/uploads\/2024\/06\/fbf019c55c5a56da92438897d0b203d2-1.png","width":1055,"height":177},{"@type":"WebSite","@id":"https:\/\/elta90mb.com\/web\/#website","url":"https:\/\/elta90mb.com\/web\/","name":"Elta 90 Medical Biotechnology","description":"Elta90","publisher":{"@id":"https:\/\/elta90mb.com\/web\/#organization"},"potentialAction":[{"@type":"SearchAction","target":{"@type":"EntryPoint","urlTemplate":"https:\/\/elta90mb.com\/web\/?s={search_term_string}"},"query-input":{"@type":"PropertyValueSpecification","valueRequired":true,"valueName":"search_term_string"}}],"inLanguage":"bs-BA"},{"@type":"Organization","@id":"https:\/\/elta90mb.com\/web\/#organization","name":"Elta 90 Medical Biotechnology","url":"https:\/\/elta90mb.com\/web\/","logo":{"@type":"ImageObject","inLanguage":"bs-BA","@id":"https:\/\/elta90mb.com\/web\/#\/schema\/logo\/image\/","url":"https:\/\/elta90mb.com\/web\/wp-content\/uploads\/2020\/10\/cropped-elta-icon.png","contentUrl":"https:\/\/elta90mb.com\/web\/wp-content\/uploads\/2020\/10\/cropped-elta-icon.png","width":512,"height":512,"caption":"Elta 90 Medical Biotechnology"},"image":{"@id":"https:\/\/elta90mb.com\/web\/#\/schema\/logo\/image\/"},"sameAs":["https:\/\/ba.linkedin.com\/company\/elta-90-medical-biotechnology"]}]}},"_links":{"self":[{"href":"https:\/\/elta90mb.com\/web\/wp-json\/wp\/v2\/pages\/657","targetHints":{"allow":["GET"]}}],"collection":[{"href":"https:\/\/elta90mb.com\/web\/wp-json\/wp\/v2\/pages"}],"about":[{"href":"https:\/\/elta90mb.com\/web\/wp-json\/wp\/v2\/types\/page"}],"author":[{"embeddable":true,"href":"https:\/\/elta90mb.com\/web\/wp-json\/wp\/v2\/users\/2"}],"replies":[{"embeddable":true,"href":"https:\/\/elta90mb.com\/web\/wp-json\/wp\/v2\/comments?post=657"}],"version-history":[{"count":9,"href":"https:\/\/elta90mb.com\/web\/wp-json\/wp\/v2\/pages\/657\/revisions"}],"predecessor-version":[{"id":692,"href":"https:\/\/elta90mb.com\/web\/wp-json\/wp\/v2\/pages\/657\/revisions\/692"}],"wp:attachment":[{"href":"https:\/\/elta90mb.com\/web\/wp-json\/wp\/v2\/media?parent=657"}],"curies":[{"name":"wp","href":"https:\/\/api.w.org\/{rel}","templated":true}]}}