{"id":683,"date":"2024-06-21T12:39:47","date_gmt":"2024-06-21T10:39:47","guid":{"rendered":"https:\/\/elta90mb.com\/web\/?page_id=683"},"modified":"2024-06-24T12:04:40","modified_gmt":"2024-06-24T10:04:40","slug":"partneri-2","status":"publish","type":"page","link":"https:\/\/elta90mb.com\/web\/partneri-2\/","title":{"rendered":"Partneri"},"content":{"rendered":"\t\t\r\n\t\t\r\n\t\t<style>\t\r\n\t\t\t\t\t\t\t#lswssp-logo-carousel-1 .lswssp-logo-img-wrap .lswssp-logo-img{max-height:200px}\r\n\t\t\t\t\t<\/style>\r\n\r\n\t\t<div class=\"lswssp-wrap lswssp-logo-showcase lswssp-logo-carousel-wrap lswssp-post-data-wrap lswssp-design-1  lswssp-default-height\">\r\n\t<div class=\"lswssp-logo-carousel lswssp-logo-carousel-inr-wrap lswssp-post-data-inr-wrap lswssp-tooltip-conf lswssp-clearfix\" id=\"lswssp-logo-carousel-1\" data-conf=\"{&quot;id&quot;:&quot;782&quot;,&quot;css_class&quot;:&quot; lswssp-default-height&quot;,&quot;display_type&quot;:&quot;slider&quot;,&quot;images&quot;:[788,789,764,766,769,850],&quot;design&quot;:&quot;design-1&quot;,&quot;show_title&quot;:false,&quot;show_desc&quot;:false,&quot;link_target&quot;:&quot;_blank&quot;,&quot;min_height&quot;:&quot;&quot;,&quot;max_height&quot;:200,&quot;slides_show&quot;:5,&quot;slides_scroll&quot;:1,&quot;autoplay&quot;:true,&quot;autoplay_speed&quot;:3000,&quot;speed&quot;:600,&quot;arrow&quot;:true,&quot;dots&quot;:true,&quot;pause_on_hover&quot;:true,&quot;loop&quot;:true,&quot;centermode&quot;:false,&quot;center_padding&quot;:0,&quot;ipad&quot;:&quot;&quot;,&quot;tablet&quot;:&quot;&quot;,&quot;mobile&quot;:&quot;&quot;,&quot;unique&quot;:1,&quot;count&quot;:0,&quot;slide_to_show&quot;:5,&quot;slide_to_show_ipad&quot;:3,&quot;slide_to_show_tablet&quot;:2,&quot;slide_to_show_mobile&quot;:1}\"><div class=\"lswssp-slide lswssp-post-788\">\r\n\t<div class=\"lswssp-slide-inner\">\r\n\t\t<div class=\"lswssp-logo-img-wrap\">\r\n\t\t\t\t\t\t\t<a href=\"https:\/\/www.illumina.com\/\" class=\"lswssp-logo-img-link\" target=\"_blank\"><img decoding=\"async\" src=\"https:\/\/elta90mb.com\/web\/wp-content\/uploads\/2024\/06\/ILLUMINA-2.png\" class=\"lswssp-logo-img\" alt=\"ILLUMINA\" \/><\/a>\r\n\t\t\t\t\t<\/div>\r\n\r\n\t\t\t<\/div>\r\n<\/div><div class=\"lswssp-slide lswssp-post-789\">\r\n\t<div class=\"lswssp-slide-inner\">\r\n\t\t<div class=\"lswssp-logo-img-wrap\">\r\n\t\t\t\t\t\t\t<a href=\"https:\/\/www.eppendorf.com\/\" class=\"lswssp-logo-img-link\" target=\"_blank\"><img decoding=\"async\" src=\"https:\/\/elta90mb.com\/web\/wp-content\/uploads\/2024\/06\/LOGO-EPPENDORG-3.png\" class=\"lswssp-logo-img\" alt=\"LOGO-EPPENDORG\" \/><\/a>\r\n\t\t\t\t\t<\/div>\r\n\r\n\t\t\t<\/div>\r\n<\/div><div class=\"lswssp-slide lswssp-post-764\">\r\n\t<div class=\"lswssp-slide-inner\">\r\n\t\t<div class=\"lswssp-logo-img-wrap\">\r\n\t\t\t\t\t\t\t<a href=\"https:\/\/www.healthcare.nikon.com\/\" class=\"lswssp-logo-img-link\" target=\"_blank\"><img decoding=\"async\" src=\"https:\/\/elta90mb.com\/web\/wp-content\/uploads\/2024\/06\/nikon-logo.png\" class=\"lswssp-logo-img\" alt=\"nikon logo\" \/><\/a>\r\n\t\t\t\t\t<\/div>\r\n\r\n\t\t\t<\/div>\r\n<\/div><div class=\"lswssp-slide lswssp-post-766\">\r\n\t<div class=\"lswssp-slide-inner\">\r\n\t\t<div class=\"lswssp-logo-img-wrap\">\r\n\t\t\t\t\t\t\t<a href=\"https:\/\/www.phchd.com\/eu\/phceu\" class=\"lswssp-logo-img-link\" target=\"_blank\"><img decoding=\"async\" src=\"https:\/\/elta90mb.com\/web\/wp-content\/uploads\/2024\/06\/phcbi-1.png\" class=\"lswssp-logo-img\" alt=\"phcbi\" \/><\/a>\r\n\t\t\t\t\t<\/div>\r\n\r\n\t\t\t<\/div>\r\n<\/div><div class=\"lswssp-slide lswssp-post-769\">\r\n\t<div class=\"lswssp-slide-inner\">\r\n\t\t<div class=\"lswssp-logo-img-wrap\">\r\n\t\t\t\t\t\t\t<a href=\"https:\/\/www.thermofisher.com\/ba\/en\/home.html\" class=\"lswssp-logo-img-link\" target=\"_blank\"><img decoding=\"async\" src=\"https:\/\/elta90mb.com\/web\/wp-content\/uploads\/2024\/06\/thermo-fisher-logo.png\" class=\"lswssp-logo-img\" alt=\"thermo fisher logo\" \/><\/a>\r\n\t\t\t\t\t<\/div>\r\n\r\n\t\t\t<\/div>\r\n<\/div><div class=\"lswssp-slide lswssp-post-850\">\r\n\t<div class=\"lswssp-slide-inner\">\r\n\t\t<div class=\"lswssp-logo-img-wrap\">\r\n\t\t\t\t\t\t\t<img decoding=\"async\" class=\"lswssp-logo-img\" src=\"https:\/\/elta90mb.com\/web\/wp-content\/uploads\/2025\/04\/nimagen.jpg\" alt=\"Nimagen\" \/>\r\n\t\t\t\t\t<\/div>\r\n\r\n\t\t\t<\/div>\r\n<\/div>\t<\/div>\r\n<\/div>\n\n\n<h2 style=\"text-align: center;\">ELTA 90 Medical Biotechnology nudi \u0161irok spektar laboratorijske opreme.<\/h2>\n<p style=\"text-align: center;\">Bilo da radite u medicinskoj, nau\u010dno-istra\u017eiva\u010dkoj, razvojnoj ili kontrolnoj laboratoriji u industriji, potrebna vam je ista ili sli\u010dna oprema za pripremu, obradu i \u010duvanje razli\u010ditih vrsta uzoraka. Na\u0161 tim je uvijek spreman da Vam pomogne u samoj ideji opremanja laboratorije, da predlo\u017ei opremu prilago\u0111enu vrsti laboratorijskih ispitivanja, bez dodatnih opcija koje optere\u0107uju va\u0161 bud\u017eet. Isto tako, za razvojne i nau\u010dne laboratorije nudimo opremu koja mo\u017ee da raste sa va\u0161im potrebama i u korak prati va\u0161a dostignu\u0107a.<\/p>\n\n\n<div style=\"height:50px\" aria-hidden=\"true\" class=\"wp-block-spacer\"><\/div>\n\n\n\n<div class=\"wp-block-cover alignfull has-parallax\" style=\"min-height:460px;aspect-ratio:unset;\"><span aria-hidden=\"true\" class=\"wp-block-cover__background has-background-dim-70 has-background-dim wp-block-cover__gradient-background has-background-gradient\" style=\"background:linear-gradient(135deg,rgb(38,38,40) 0%,rgb(121,123,127) 100%)\"><\/span><div class=\"wp-block-cover__image-background wp-image-553 has-parallax\" style=\"background-position:50% 50%;background-image:url(https:\/\/elta90mb.com\/web\/wp-content\/uploads\/2020\/10\/general-quip.jpg)\"><\/div><div class=\"wp-block-cover__inner-container is-layout-flow wp-block-cover-is-layout-flow\">\n<p class=\"has-text-align-center has-medium-font-size\">Od najsitnije opreme do onih bez kojih jedna laboratorija ne mo\u017ee funkcionisati.<\/p>\n\n\n\n<div class=\"wp-block-buttons is-content-justification-center is-layout-flex wp-container-core-buttons-is-layout-1 wp-block-buttons-is-layout-flex\">\n<div class=\"wp-block-button is-style-outline is-style-outline--1\"><a class=\"wp-block-button__link has-white-color has-text-color wp-element-button\" href=\"https:\/\/elta90mb.com\/web\/kontakt\/\" style=\"border-radius:50px\">Kontaktirajte nas<\/a><\/div>\n<\/div>\n<\/div><\/div>\n\n\n\n\n\n\n\n\n\n\n","protected":false},"excerpt":{"rendered":"<p>ELTA 90 Medical Biotechnology nudi \u0161irok spektar laboratorijske opreme. Bilo da radite u medicinskoj, nau\u010dno-istra\u017eiva\u010dkoj, razvojnoj ili kontrolnoj laboratoriji u industriji, potrebna vam je ista ili sli\u010dna oprema za pripremu, obradu i \u010duvanje razli\u010ditih vrsta uzoraka. Na\u0161 tim je uvijek [&hellip;]<\/p>\n","protected":false},"author":2,"featured_media":0,"parent":0,"menu_order":0,"comment_status":"closed","ping_status":"closed","template":"page-templates\/page_fullwidth.php","meta":{"footnotes":""},"class_list":["post-683","page","type-page","status-publish","hentry","clearfix"],"yoast_head":"<!-- This site is optimized with the Yoast SEO plugin v26.8 - https:\/\/yoast.com\/product\/yoast-seo-wordpress\/ -->\n<title>Partneri - Medical Biotechnology<\/title>\n<meta name=\"robots\" content=\"index, follow, max-snippet:-1, max-image-preview:large, max-video-preview:-1\" \/>\n<link rel=\"canonical\" href=\"https:\/\/elta90mb.com\/web\/partneri-2\/\" \/>\n<meta property=\"og:locale\" content=\"bs_BA\" \/>\n<meta property=\"og:type\" content=\"article\" \/>\n<meta property=\"og:title\" content=\"Partneri - Medical Biotechnology\" \/>\n<meta property=\"og:description\" content=\"ELTA 90 Medical Biotechnology nudi \u0161irok spektar laboratorijske opreme. Bilo da radite u medicinskoj, nau\u010dno-istra\u017eiva\u010dkoj, razvojnoj ili kontrolnoj laboratoriji u industriji, potrebna vam je ista ili sli\u010dna oprema za pripremu, obradu i \u010duvanje razli\u010ditih vrsta uzoraka. Na\u0161 tim je uvijek [&hellip;]\" \/>\n<meta property=\"og:url\" content=\"https:\/\/elta90mb.com\/web\/partneri-2\/\" \/>\n<meta property=\"og:site_name\" content=\"Medical Biotechnology\" \/>\n<meta property=\"article:modified_time\" content=\"2024-06-24T10:04:40+00:00\" \/>\n<meta name=\"twitter:card\" content=\"summary_large_image\" \/>\n<meta name=\"twitter:label1\" content=\"Est. reading time\" \/>\n\t<meta name=\"twitter:data1\" content=\"1 minuta\" \/>\n<script type=\"application\/ld+json\" class=\"yoast-schema-graph\">{\"@context\":\"https:\/\/schema.org\",\"@graph\":[{\"@type\":\"WebPage\",\"@id\":\"https:\/\/elta90mb.com\/web\/partneri-2\/\",\"url\":\"https:\/\/elta90mb.com\/web\/partneri-2\/\",\"name\":\"Partneri - Medical Biotechnology\",\"isPartOf\":{\"@id\":\"https:\/\/elta90mb.com\/web\/#website\"},\"datePublished\":\"2024-06-21T10:39:47+00:00\",\"dateModified\":\"2024-06-24T10:04:40+00:00\",\"breadcrumb\":{\"@id\":\"https:\/\/elta90mb.com\/web\/partneri-2\/#breadcrumb\"},\"inLanguage\":\"bs-BA\",\"potentialAction\":[{\"@type\":\"ReadAction\",\"target\":[\"https:\/\/elta90mb.com\/web\/partneri-2\/\"]}]},{\"@type\":\"BreadcrumbList\",\"@id\":\"https:\/\/elta90mb.com\/web\/partneri-2\/#breadcrumb\",\"itemListElement\":[{\"@type\":\"ListItem\",\"position\":1,\"name\":\"Home\",\"item\":\"https:\/\/elta90mb.com\/web\/\"},{\"@type\":\"ListItem\",\"position\":2,\"name\":\"Partneri\"}]},{\"@type\":\"WebSite\",\"@id\":\"https:\/\/elta90mb.com\/web\/#website\",\"url\":\"https:\/\/elta90mb.com\/web\/\",\"name\":\"Elta 90 Medical Biotechnology\",\"description\":\"Elta90\",\"publisher\":{\"@id\":\"https:\/\/elta90mb.com\/web\/#organization\"},\"potentialAction\":[{\"@type\":\"SearchAction\",\"target\":{\"@type\":\"EntryPoint\",\"urlTemplate\":\"https:\/\/elta90mb.com\/web\/?s={search_term_string}\"},\"query-input\":{\"@type\":\"PropertyValueSpecification\",\"valueRequired\":true,\"valueName\":\"search_term_string\"}}],\"inLanguage\":\"bs-BA\"},{\"@type\":\"Organization\",\"@id\":\"https:\/\/elta90mb.com\/web\/#organization\",\"name\":\"Elta 90 Medical Biotechnology\",\"url\":\"https:\/\/elta90mb.com\/web\/\",\"logo\":{\"@type\":\"ImageObject\",\"inLanguage\":\"bs-BA\",\"@id\":\"https:\/\/elta90mb.com\/web\/#\/schema\/logo\/image\/\",\"url\":\"https:\/\/elta90mb.com\/web\/wp-content\/uploads\/2020\/10\/cropped-elta-icon.png\",\"contentUrl\":\"https:\/\/elta90mb.com\/web\/wp-content\/uploads\/2020\/10\/cropped-elta-icon.png\",\"width\":512,\"height\":512,\"caption\":\"Elta 90 Medical Biotechnology\"},\"image\":{\"@id\":\"https:\/\/elta90mb.com\/web\/#\/schema\/logo\/image\/\"},\"sameAs\":[\"https:\/\/ba.linkedin.com\/company\/elta-90-medical-biotechnology\"]}]}<\/script>\n<!-- \/ Yoast SEO plugin. -->","yoast_head_json":{"title":"Partneri - Medical Biotechnology","robots":{"index":"index","follow":"follow","max-snippet":"max-snippet:-1","max-image-preview":"max-image-preview:large","max-video-preview":"max-video-preview:-1"},"canonical":"https:\/\/elta90mb.com\/web\/partneri-2\/","og_locale":"bs_BA","og_type":"article","og_title":"Partneri - Medical Biotechnology","og_description":"ELTA 90 Medical Biotechnology nudi \u0161irok spektar laboratorijske opreme. Bilo da radite u medicinskoj, nau\u010dno-istra\u017eiva\u010dkoj, razvojnoj ili kontrolnoj laboratoriji u industriji, potrebna vam je ista ili sli\u010dna oprema za pripremu, obradu i \u010duvanje razli\u010ditih vrsta uzoraka. Na\u0161 tim je uvijek [&hellip;]","og_url":"https:\/\/elta90mb.com\/web\/partneri-2\/","og_site_name":"Medical Biotechnology","article_modified_time":"2024-06-24T10:04:40+00:00","twitter_card":"summary_large_image","twitter_misc":{"Est. reading time":"1 minuta"},"schema":{"@context":"https:\/\/schema.org","@graph":[{"@type":"WebPage","@id":"https:\/\/elta90mb.com\/web\/partneri-2\/","url":"https:\/\/elta90mb.com\/web\/partneri-2\/","name":"Partneri - Medical Biotechnology","isPartOf":{"@id":"https:\/\/elta90mb.com\/web\/#website"},"datePublished":"2024-06-21T10:39:47+00:00","dateModified":"2024-06-24T10:04:40+00:00","breadcrumb":{"@id":"https:\/\/elta90mb.com\/web\/partneri-2\/#breadcrumb"},"inLanguage":"bs-BA","potentialAction":[{"@type":"ReadAction","target":["https:\/\/elta90mb.com\/web\/partneri-2\/"]}]},{"@type":"BreadcrumbList","@id":"https:\/\/elta90mb.com\/web\/partneri-2\/#breadcrumb","itemListElement":[{"@type":"ListItem","position":1,"name":"Home","item":"https:\/\/elta90mb.com\/web\/"},{"@type":"ListItem","position":2,"name":"Partneri"}]},{"@type":"WebSite","@id":"https:\/\/elta90mb.com\/web\/#website","url":"https:\/\/elta90mb.com\/web\/","name":"Elta 90 Medical Biotechnology","description":"Elta90","publisher":{"@id":"https:\/\/elta90mb.com\/web\/#organization"},"potentialAction":[{"@type":"SearchAction","target":{"@type":"EntryPoint","urlTemplate":"https:\/\/elta90mb.com\/web\/?s={search_term_string}"},"query-input":{"@type":"PropertyValueSpecification","valueRequired":true,"valueName":"search_term_string"}}],"inLanguage":"bs-BA"},{"@type":"Organization","@id":"https:\/\/elta90mb.com\/web\/#organization","name":"Elta 90 Medical Biotechnology","url":"https:\/\/elta90mb.com\/web\/","logo":{"@type":"ImageObject","inLanguage":"bs-BA","@id":"https:\/\/elta90mb.com\/web\/#\/schema\/logo\/image\/","url":"https:\/\/elta90mb.com\/web\/wp-content\/uploads\/2020\/10\/cropped-elta-icon.png","contentUrl":"https:\/\/elta90mb.com\/web\/wp-content\/uploads\/2020\/10\/cropped-elta-icon.png","width":512,"height":512,"caption":"Elta 90 Medical Biotechnology"},"image":{"@id":"https:\/\/elta90mb.com\/web\/#\/schema\/logo\/image\/"},"sameAs":["https:\/\/ba.linkedin.com\/company\/elta-90-medical-biotechnology"]}]}},"_links":{"self":[{"href":"https:\/\/elta90mb.com\/web\/wp-json\/wp\/v2\/pages\/683","targetHints":{"allow":["GET"]}}],"collection":[{"href":"https:\/\/elta90mb.com\/web\/wp-json\/wp\/v2\/pages"}],"about":[{"href":"https:\/\/elta90mb.com\/web\/wp-json\/wp\/v2\/types\/page"}],"author":[{"embeddable":true,"href":"https:\/\/elta90mb.com\/web\/wp-json\/wp\/v2\/users\/2"}],"replies":[{"embeddable":true,"href":"https:\/\/elta90mb.com\/web\/wp-json\/wp\/v2\/comments?post=683"}],"version-history":[{"count":9,"href":"https:\/\/elta90mb.com\/web\/wp-json\/wp\/v2\/pages\/683\/revisions"}],"predecessor-version":[{"id":785,"href":"https:\/\/elta90mb.com\/web\/wp-json\/wp\/v2\/pages\/683\/revisions\/785"}],"wp:attachment":[{"href":"https:\/\/elta90mb.com\/web\/wp-json\/wp\/v2\/media?parent=683"}],"curies":[{"name":"wp","href":"https:\/\/api.w.org\/{rel}","templated":true}]}}