{"id":80,"date":"2016-02-16T14:39:06","date_gmt":"2016-02-16T14:39:06","guid":{"rendered":"http:\/\/demo.athemes.com\/astrid\/?page_id=80"},"modified":"2024-06-24T15:53:08","modified_gmt":"2024-06-24T13:53:08","slug":"homepage","status":"publish","type":"page","link":"https:\/\/elta90mb.com\/web\/","title":{"rendered":"O nama"},"content":{"rendered":"\n<div class=\"wp-block-cover alignfull has-parallax is-light is-position-center-center\" style=\"min-height:640px;aspect-ratio:unset;\"><span aria-hidden=\"true\" class=\"wp-block-cover__background has-background-dim\"><\/span><div class=\"wp-block-cover__image-background wp-image-474 has-parallax\" style=\"background-position:50% 50%;background-image:url(https:\/\/elta90mb.com\/web\/wp-content\/uploads\/2020\/10\/elta-naslovna-1.jpg)\"><\/div><div class=\"wp-block-cover__inner-container is-layout-flow wp-block-cover-is-layout-flow\">\n<p class=\"has-text-align-center has-white-color has-text-color has-link-color wp-elements-087cde511ae1e0cf33c50b5c9e997c9e\" style=\"font-size:26px\"><strong>ELTA 90 Medical Biotechnology<\/strong> je \u010dlan ELTA 90 grupacije,<\/p>\n\n\n\n<p class=\"has-text-align-center has-white-color has-text-color has-link-color wp-elements-905cfde1739d8465fc602a469a34fe65\" style=\"font-size:26px\"> regionalnog lidera u distribuciji medicinskih sredstava, laboratorijske opreme I potro\u0161nog materijala.<\/p>\n\n\n\n<p class=\"has-text-align-center\" style=\"font-size:16px\"><\/p>\n<\/div><\/div>\n\n\n\n<div class=\"wp-block-cover alignfull is-light has-parallax is-position-center-center\" style=\"min-height:640px;aspect-ratio:unset;\"><span aria-hidden=\"true\" class=\"wp-block-cover__background has-background-dim\" style=\"background-color:#7c8591\"><\/span><div class=\"wp-block-cover__image-background wp-image-821 has-parallax\" style=\"background-position:50% 50%;background-image:url(https:\/\/elta90mb.com\/web\/wp-content\/uploads\/2024\/06\/AdobeStock_327430304_Preview-transformed.jpeg)\"><\/div><div class=\"wp-block-cover__inner-container is-layout-flow wp-block-cover-is-layout-flow\">\n<p class=\"has-text-align-center has-white-color has-text-color has-link-color wp-elements-614470bdd0a9359b4d36e1772cd7d55d\" style=\"font-size:26px\">Vi\u0161e od 20 godina iskustva u regionu, ELTA 90 gradi svoju reputaciju uspje\u0161ne kompanije, kojoj su partneri na prvom mjestu. <\/p>\n\n\n\n<p class=\"has-text-align-center has-white-color has-text-color has-link-color wp-elements-7b5add5ee53a39232044ffe5c21c91c7\" style=\"font-size:26px\">Profesionalne potrebe i razvoj na\u0161ih klijenata su bile i ostale na\u0161 prioritet.<\/p>\n<\/div><\/div>\n\n\n\n<div class=\"wp-block-cover alignfull is-light has-parallax is-position-center-center\" style=\"min-height:640px;aspect-ratio:unset;\"><span aria-hidden=\"true\" class=\"wp-block-cover__background has-background-dim\"><\/span><div class=\"wp-block-cover__image-background wp-image-743 has-parallax\" style=\"background-position:50% 50%;background-image:url(https:\/\/elta90mb.com\/web\/wp-content\/uploads\/2024\/06\/nikon.jpeg)\"><\/div><div class=\"wp-block-cover__inner-container is-layout-flow wp-block-cover-is-layout-flow\">\n<p class=\"has-text-align-center has-white-color has-text-color has-link-color wp-elements-0c0273ef329a76afad662648ba0ff06a\" style=\"font-size:26px\">Veliki broj renomiranih svjetskih kompaniija koje zastupamo svjedo\u010di o na\u0161em poslovanju koje se bazira na stalnoj edukaciji, unaprije\u0111enju kvaliteta i brzine usluge, inovacijama, dru\u0161tvenoj odgovornosti i gra\u0111enju povjerenja i partnerskih odnosa sa na\u0161im klijentima. <\/p>\n\n\n\n<p class=\"has-text-align-center\" style=\"font-size:16px\"><\/p>\n<\/div><\/div>\n","protected":false},"excerpt":{"rendered":"","protected":false},"author":1,"featured_media":0,"parent":0,"menu_order":0,"comment_status":"closed","ping_status":"closed","template":"page-templates\/page_builder.php","meta":{"footnotes":""},"class_list":["post-80","page","type-page","status-publish","hentry","clearfix"],"yoast_head":"<!-- This site is optimized with the Yoast SEO plugin v26.8 - https:\/\/yoast.com\/product\/yoast-seo-wordpress\/ -->\n<title>O nama - Medical Biotechnology<\/title>\n<meta name=\"robots\" content=\"index, follow, max-snippet:-1, max-image-preview:large, max-video-preview:-1\" \/>\n<link rel=\"canonical\" href=\"https:\/\/elta90mb.com\/web\/\" \/>\n<meta property=\"og:locale\" content=\"bs_BA\" \/>\n<meta property=\"og:type\" content=\"article\" \/>\n<meta property=\"og:title\" content=\"O nama - Medical Biotechnology\" \/>\n<meta property=\"og:url\" content=\"https:\/\/elta90mb.com\/web\/\" \/>\n<meta property=\"og:site_name\" content=\"Medical Biotechnology\" \/>\n<meta property=\"article:modified_time\" content=\"2024-06-24T13:53:08+00:00\" \/>\n<meta name=\"twitter:card\" content=\"summary_large_image\" \/>\n<script type=\"application\/ld+json\" class=\"yoast-schema-graph\">{\"@context\":\"https:\/\/schema.org\",\"@graph\":[{\"@type\":\"WebPage\",\"@id\":\"https:\/\/elta90mb.com\/web\/\",\"url\":\"https:\/\/elta90mb.com\/web\/\",\"name\":\"O nama - Medical Biotechnology\",\"isPartOf\":{\"@id\":\"https:\/\/elta90mb.com\/web\/#website\"},\"datePublished\":\"2016-02-16T14:39:06+00:00\",\"dateModified\":\"2024-06-24T13:53:08+00:00\",\"breadcrumb\":{\"@id\":\"https:\/\/elta90mb.com\/web\/#breadcrumb\"},\"inLanguage\":\"bs-BA\",\"potentialAction\":[{\"@type\":\"ReadAction\",\"target\":[\"https:\/\/elta90mb.com\/web\/\"]}]},{\"@type\":\"BreadcrumbList\",\"@id\":\"https:\/\/elta90mb.com\/web\/#breadcrumb\",\"itemListElement\":[{\"@type\":\"ListItem\",\"position\":1,\"name\":\"Home\",\"item\":\"https:\/\/elta90mb.com\/web\/\"},{\"@type\":\"ListItem\",\"position\":2,\"name\":\"O nama\"}]},{\"@type\":\"WebSite\",\"@id\":\"https:\/\/elta90mb.com\/web\/#website\",\"url\":\"https:\/\/elta90mb.com\/web\/\",\"name\":\"Elta 90 Medical Biotechnology\",\"description\":\"Elta90\",\"publisher\":{\"@id\":\"https:\/\/elta90mb.com\/web\/#organization\"},\"potentialAction\":[{\"@type\":\"SearchAction\",\"target\":{\"@type\":\"EntryPoint\",\"urlTemplate\":\"https:\/\/elta90mb.com\/web\/?s={search_term_string}\"},\"query-input\":{\"@type\":\"PropertyValueSpecification\",\"valueRequired\":true,\"valueName\":\"search_term_string\"}}],\"inLanguage\":\"bs-BA\"},{\"@type\":\"Organization\",\"@id\":\"https:\/\/elta90mb.com\/web\/#organization\",\"name\":\"Elta 90 Medical Biotechnology\",\"url\":\"https:\/\/elta90mb.com\/web\/\",\"logo\":{\"@type\":\"ImageObject\",\"inLanguage\":\"bs-BA\",\"@id\":\"https:\/\/elta90mb.com\/web\/#\/schema\/logo\/image\/\",\"url\":\"https:\/\/elta90mb.com\/web\/wp-content\/uploads\/2020\/10\/cropped-elta-icon.png\",\"contentUrl\":\"https:\/\/elta90mb.com\/web\/wp-content\/uploads\/2020\/10\/cropped-elta-icon.png\",\"width\":512,\"height\":512,\"caption\":\"Elta 90 Medical Biotechnology\"},\"image\":{\"@id\":\"https:\/\/elta90mb.com\/web\/#\/schema\/logo\/image\/\"},\"sameAs\":[\"https:\/\/ba.linkedin.com\/company\/elta-90-medical-biotechnology\"]}]}<\/script>\n<!-- \/ Yoast SEO plugin. -->","yoast_head_json":{"title":"O nama - Medical Biotechnology","robots":{"index":"index","follow":"follow","max-snippet":"max-snippet:-1","max-image-preview":"max-image-preview:large","max-video-preview":"max-video-preview:-1"},"canonical":"https:\/\/elta90mb.com\/web\/","og_locale":"bs_BA","og_type":"article","og_title":"O nama - Medical Biotechnology","og_url":"https:\/\/elta90mb.com\/web\/","og_site_name":"Medical Biotechnology","article_modified_time":"2024-06-24T13:53:08+00:00","twitter_card":"summary_large_image","schema":{"@context":"https:\/\/schema.org","@graph":[{"@type":"WebPage","@id":"https:\/\/elta90mb.com\/web\/","url":"https:\/\/elta90mb.com\/web\/","name":"O nama - Medical Biotechnology","isPartOf":{"@id":"https:\/\/elta90mb.com\/web\/#website"},"datePublished":"2016-02-16T14:39:06+00:00","dateModified":"2024-06-24T13:53:08+00:00","breadcrumb":{"@id":"https:\/\/elta90mb.com\/web\/#breadcrumb"},"inLanguage":"bs-BA","potentialAction":[{"@type":"ReadAction","target":["https:\/\/elta90mb.com\/web\/"]}]},{"@type":"BreadcrumbList","@id":"https:\/\/elta90mb.com\/web\/#breadcrumb","itemListElement":[{"@type":"ListItem","position":1,"name":"Home","item":"https:\/\/elta90mb.com\/web\/"},{"@type":"ListItem","position":2,"name":"O nama"}]},{"@type":"WebSite","@id":"https:\/\/elta90mb.com\/web\/#website","url":"https:\/\/elta90mb.com\/web\/","name":"Elta 90 Medical Biotechnology","description":"Elta90","publisher":{"@id":"https:\/\/elta90mb.com\/web\/#organization"},"potentialAction":[{"@type":"SearchAction","target":{"@type":"EntryPoint","urlTemplate":"https:\/\/elta90mb.com\/web\/?s={search_term_string}"},"query-input":{"@type":"PropertyValueSpecification","valueRequired":true,"valueName":"search_term_string"}}],"inLanguage":"bs-BA"},{"@type":"Organization","@id":"https:\/\/elta90mb.com\/web\/#organization","name":"Elta 90 Medical Biotechnology","url":"https:\/\/elta90mb.com\/web\/","logo":{"@type":"ImageObject","inLanguage":"bs-BA","@id":"https:\/\/elta90mb.com\/web\/#\/schema\/logo\/image\/","url":"https:\/\/elta90mb.com\/web\/wp-content\/uploads\/2020\/10\/cropped-elta-icon.png","contentUrl":"https:\/\/elta90mb.com\/web\/wp-content\/uploads\/2020\/10\/cropped-elta-icon.png","width":512,"height":512,"caption":"Elta 90 Medical Biotechnology"},"image":{"@id":"https:\/\/elta90mb.com\/web\/#\/schema\/logo\/image\/"},"sameAs":["https:\/\/ba.linkedin.com\/company\/elta-90-medical-biotechnology"]}]}},"_links":{"self":[{"href":"https:\/\/elta90mb.com\/web\/wp-json\/wp\/v2\/pages\/80","targetHints":{"allow":["GET"]}}],"collection":[{"href":"https:\/\/elta90mb.com\/web\/wp-json\/wp\/v2\/pages"}],"about":[{"href":"https:\/\/elta90mb.com\/web\/wp-json\/wp\/v2\/types\/page"}],"author":[{"embeddable":true,"href":"https:\/\/elta90mb.com\/web\/wp-json\/wp\/v2\/users\/1"}],"replies":[{"embeddable":true,"href":"https:\/\/elta90mb.com\/web\/wp-json\/wp\/v2\/comments?post=80"}],"version-history":[{"count":40,"href":"https:\/\/elta90mb.com\/web\/wp-json\/wp\/v2\/pages\/80\/revisions"}],"predecessor-version":[{"id":825,"href":"https:\/\/elta90mb.com\/web\/wp-json\/wp\/v2\/pages\/80\/revisions\/825"}],"wp:attachment":[{"href":"https:\/\/elta90mb.com\/web\/wp-json\/wp\/v2\/media?parent=80"}],"curies":[{"name":"wp","href":"https:\/\/api.w.org\/{rel}","templated":true}]}}